{"id":1112,"date":"2025-11-21T14:14:21","date_gmt":"2025-11-21T14:14:21","guid":{"rendered":"https:\/\/dispenselogicivorycoast.ci\/?page_id=1112"},"modified":"2026-01-16T14:03:39","modified_gmt":"2026-01-16T14:03:39","slug":"specialist-beverage","status":"publish","type":"page","link":"https:\/\/dispenselogicivorycoast.ci\/fr\/specialist-beverage\/","title":{"rendered":"Specialist Beverage"},"content":{"rendered":"<div data-elementor-type=\"wp-page\" data-elementor-id=\"1112\" class=\"elementor elementor-1112\">\n\t\t\t\t<div data-particle_enable=\"false\" data-particle-mobile-disabled=\"false\" class=\"elementor-element elementor-element-4b0bdbe e-con-full e-flex e-con e-parent\" data-id=\"4b0bdbe\" data-element_type=\"container\" data-e-type=\"container\">\n\t\t<div data-particle_enable=\"false\" data-particle-mobile-disabled=\"false\" class=\"elementor-element elementor-element-a3d66ec e-con-full e-flex e-con e-child\" data-id=\"a3d66ec\" data-element_type=\"container\" data-e-type=\"container\">\n\t\t\t\t<div class=\"elementor-element elementor-element-2a697b8 tx-hd-align-left elementor-widget elementor-widget-avas-heading\" data-id=\"2a697b8\" data-element_type=\"widget\" data-e-type=\"widget\" data-widget_type=\"avas-heading.default\">\n\t\t\t\t<div class=\"elementor-widget-container\">\n\t\t\t\t\t        <div class=\"tx-hd-wrap\">\n\n            <div class=\"tx-hd-wm\"><\/div>\n\n            \n            <div class=\"tx-hd-sub\"><\/div>\n                        <h2 class=\"tx-hd-title\">\n                <span class=\"tx-hd-first-part\">Services de boissons sp\u00e9cialis\u00e9s<\/span>\n                <span class=\"tx-hd-last-part\"><\/span>\n            <\/h2>    \n            \n            <div class=\"tx-hd-desc\"><p>Dispense Logic est un leader de la fourniture de services et d'\u00e9quipements pour les secteurs du caf\u00e9, des boissons soda post-mix et des boissons fra\u00eeches.<\/p><p>Nous offrons une gamme compl\u00e8te de prestations : installation, sanitisation, maintenance, r\u00e9paration, stockage, logistique d'\u00e9quipement, via des rapports d\u00e9taill\u00e9s.<\/p><p>Les \u00e9quipements de bi\u00e8re \u00e0 pression et de boissons n\u00e9cessitent un entretien sp\u00e9cialis\u00e9 et r\u00e9gulier pour garantir la qualit\u00e9 du produit servi et le fonctionnement optimal des installations.<\/p><p>.<\/p><\/div>\n\n\n                   \n        <\/div><!-- tx-hd-wrap -->\n\n\n\n\n\n\n\n\n\t\t\t\t<\/div>\n\t\t\t\t<\/div>\n\t\t\t\t<\/div>\n\t\t<div data-particle_enable=\"false\" data-particle-mobile-disabled=\"false\" class=\"elementor-element elementor-element-24b9b75 e-con-full e-flex e-con e-child\" data-id=\"24b9b75\" data-element_type=\"container\" data-e-type=\"container\" data-settings=\"{&quot;background_background&quot;:&quot;classic&quot;}\">\n\t\t\t\t<\/div>\n\t\t\t\t<\/div>\n\t\t\t\t<\/div>","protected":false},"excerpt":{"rendered":"<p class=\"tx-excerpt\">Specialist Beverage Services Dispense Logic is a leading supplier of services and equipment to clients in the\u00a0 coffee, fountain, and cold beverage arena. Dispense Logic offers installation, sanitation, maintenance service, repairs, storage and logistics...<\/p>","protected":false},"author":1,"featured_media":0,"parent":0,"menu_order":0,"comment_status":"closed","ping_status":"closed","template":"","meta":{"footnotes":""},"class_list":["post-1112","page","type-page","status-publish","hentry"],"_links":{"self":[{"href":"https:\/\/dispenselogicivorycoast.ci\/fr\/wp-json\/wp\/v2\/pages\/1112","targetHints":{"allow":["GET"]}}],"collection":[{"href":"https:\/\/dispenselogicivorycoast.ci\/fr\/wp-json\/wp\/v2\/pages"}],"about":[{"href":"https:\/\/dispenselogicivorycoast.ci\/fr\/wp-json\/wp\/v2\/types\/page"}],"author":[{"embeddable":true,"href":"https:\/\/dispenselogicivorycoast.ci\/fr\/wp-json\/wp\/v2\/users\/1"}],"replies":[{"embeddable":true,"href":"https:\/\/dispenselogicivorycoast.ci\/fr\/wp-json\/wp\/v2\/comments?post=1112"}],"version-history":[{"count":12,"href":"https:\/\/dispenselogicivorycoast.ci\/fr\/wp-json\/wp\/v2\/pages\/1112\/revisions"}],"predecessor-version":[{"id":1286,"href":"https:\/\/dispenselogicivorycoast.ci\/fr\/wp-json\/wp\/v2\/pages\/1112\/revisions\/1286"}],"wp:attachment":[{"href":"https:\/\/dispenselogicivorycoast.ci\/fr\/wp-json\/wp\/v2\/media?parent=1112"}],"curies":[{"name":"wp","href":"https:\/\/api.w.org\/{rel}","templated":true}]}}