{"id":1119,"date":"2025-11-21T14:23:51","date_gmt":"2025-11-21T14:23:51","guid":{"rendered":"https:\/\/dispenselogicivorycoast.ci\/?page_id=1119"},"modified":"2026-02-16T13:38:55","modified_gmt":"2026-02-16T13:38:55","slug":"refrigeration","status":"publish","type":"page","link":"https:\/\/dispenselogicivorycoast.ci\/fr\/refrigeration\/","title":{"rendered":"R\u00e9frig\u00e9ration"},"content":{"rendered":"<div data-elementor-type=\"wp-page\" data-elementor-id=\"1119\" class=\"elementor elementor-1119\">\n\t\t\t\t<div data-particle_enable=\"false\" data-particle-mobile-disabled=\"false\" class=\"elementor-element elementor-element-db5a25d e-con-full e-flex e-con e-parent\" data-id=\"db5a25d\" data-element_type=\"container\" data-e-type=\"container\">\n\t\t<div data-particle_enable=\"false\" data-particle-mobile-disabled=\"false\" class=\"elementor-element elementor-element-e096aaa e-con-full e-flex e-con e-child\" data-id=\"e096aaa\" data-element_type=\"container\" data-e-type=\"container\" data-settings=\"{&quot;background_background&quot;:&quot;classic&quot;}\">\n\t\t\t\t<\/div>\n\t\t<div data-particle_enable=\"false\" data-particle-mobile-disabled=\"false\" class=\"elementor-element elementor-element-c19243f e-con-full e-flex e-con e-child\" data-id=\"c19243f\" data-element_type=\"container\" data-e-type=\"container\">\n\t\t\t\t<div class=\"elementor-element elementor-element-7f6dbeb tx-hd-align-left elementor-widget elementor-widget-avas-heading\" data-id=\"7f6dbeb\" data-element_type=\"widget\" data-e-type=\"widget\" data-widget_type=\"avas-heading.default\">\n\t\t\t\t<div class=\"elementor-widget-container\">\n\t\t\t\t\t        <div class=\"tx-hd-wrap\">\n\n            <div class=\"tx-hd-wm\"><\/div>\n\n            \n            <div class=\"tx-hd-sub\"><\/div>\n                        <h2 class=\"tx-hd-title\">\n                <span class=\"tx-hd-first-part\">R\u00e9frig\u00e9ration<\/span>\n                <span class=\"tx-hd-last-part\"><\/span>\n            <\/h2>    \n            \n            <div class=\"tx-hd-desc\"><div class=\"wpb_text_column wpb_content_element vc_custom_1649346681909\"><div class=\"wpb_wrapper\"><p>Dispense Logic poss\u00e8de de nombreuses ann\u00e9es d'exp\u00e9rience dans la gestion et la maintenance des actifs frigorifique pour le compte de ses clients.\nCette expertise s'\u00e9tend des chambres froides de grande capacit\u00e9 aux syst\u00e8mes de bi\u00e8re \u00e0 pression, refroidisseurs de boissons et les refroidisseurs d\u2019eau.\nNos services dans le domaine de la r\u00e9frig\u00e9ration couvrent l'int\u00e9gralit\u00e9 des prestations suivantes \u00e0 travers toute l\u2019Afrique :<\/p><\/div><\/div><div id=\"fws_691092736edbe\" class=\"wpb_row vc_row-fluid vc_row inner_row\" data-midnight=\"\" data-column-margin=\"default\"><div class=\"row-bg-wrap\"><div class=\"row-bg\">\u00a0<\/div><\/div><div class=\"row_col_wrap_12_inner col span_12 left\"><div class=\"vc_col-sm-6 wpb_column column_container vc_column_container col child_column no-extra-padding bottom_margin_tablet_30px inherit_tablet inherit_phone\" data-t-w-inherits=\"small_desktop\" data-padding-pos=\"all\" data-has-bg-color=\"false\" data-bg-color=\"\" data-bg-opacity=\"1\" data-animation=\"\" data-delay=\"0\"><div class=\"vc_column-inner\"><div class=\"wpb_wrapper\"><div class=\"wpb_text_column wpb_content_element\"><div class=\"wpb_wrapper\"><ul><li>R\u00e9parations et entretien<img fetchpriority=\"high\" decoding=\"async\" class=\"size-medium wp-image-991 alignnone\" src=\"https:\/\/dispenselogicivorycoast.ci\/wp-content\/uploads\/2025\/11\/cold-room-300x222.webp\" alt=\"\" width=\"300\" height=\"222\" srcset=\"https:\/\/dispenselogicivorycoast.ci\/wp-content\/uploads\/2025\/11\/cold-room-300x222.webp 300w, https:\/\/dispenselogicivorycoast.ci\/wp-content\/uploads\/2025\/11\/cold-room-768x567.webp 768w, https:\/\/dispenselogicivorycoast.ci\/wp-content\/uploads\/2025\/11\/cold-room-100x75.webp 100w, https:\/\/dispenselogicivorycoast.ci\/wp-content\/uploads\/2025\/11\/cold-room-360x266.webp 360w, https:\/\/dispenselogicivorycoast.ci\/wp-content\/uploads\/2025\/11\/cold-room-373x276.webp 373w, https:\/\/dispenselogicivorycoast.ci\/wp-content\/uploads\/2025\/11\/cold-room-620x458.webp 620w, https:\/\/dispenselogicivorycoast.ci\/wp-content\/uploads\/2025\/11\/cold-room-460x340.webp 460w, https:\/\/dispenselogicivorycoast.ci\/wp-content\/uploads\/2025\/11\/cold-room-365x270.webp 365w, https:\/\/dispenselogicivorycoast.ci\/wp-content\/uploads\/2025\/11\/cold-room.webp 800w\" sizes=\"(max-width: 300px) 100vw, 300px\" \/><\/li><li>Pi\u00e8ces de rechange<\/li><li>Logistique de livraison et d'enl\u00e8vement<\/li><li>Entreposage des actifs<\/li><li>rapports de gestion des actifs<\/li><li>conseils techniques<\/li><li>programmes de maintenance pr\u00e9ventive<\/li><li>Projets sp\u00e9ciaux, par exemple, v\u00e9rifications d'actifs dans le cadre d'\u00e9changes commerciaux<\/li><\/ul><\/div><\/div><\/div><\/div><\/div><\/div><\/div><\/div>\n\n\n                   \n        <\/div><!-- tx-hd-wrap -->\n\n\n\n\n\n\n\n\n\t\t\t\t<\/div>\n\t\t\t\t<\/div>\n\t\t\t\t<\/div>\n\t\t\t\t<\/div>\n\t\t\t\t<\/div>","protected":false},"excerpt":{"rendered":"<p class=\"tx-excerpt\">Refrigeration Dispense Logic has many years of experience managing and maintaining clients\u2019 refrigeration assets on their behalf. This experience extends to large cold rooms, draught systems, beverage coolers and water chillers. Our services in...<\/p>","protected":false},"author":1,"featured_media":0,"parent":0,"menu_order":0,"comment_status":"closed","ping_status":"closed","template":"","meta":{"footnotes":""},"class_list":["post-1119","page","type-page","status-publish","hentry"],"_links":{"self":[{"href":"https:\/\/dispenselogicivorycoast.ci\/fr\/wp-json\/wp\/v2\/pages\/1119","targetHints":{"allow":["GET"]}}],"collection":[{"href":"https:\/\/dispenselogicivorycoast.ci\/fr\/wp-json\/wp\/v2\/pages"}],"about":[{"href":"https:\/\/dispenselogicivorycoast.ci\/fr\/wp-json\/wp\/v2\/types\/page"}],"author":[{"embeddable":true,"href":"https:\/\/dispenselogicivorycoast.ci\/fr\/wp-json\/wp\/v2\/users\/1"}],"replies":[{"embeddable":true,"href":"https:\/\/dispenselogicivorycoast.ci\/fr\/wp-json\/wp\/v2\/comments?post=1119"}],"version-history":[{"count":12,"href":"https:\/\/dispenselogicivorycoast.ci\/fr\/wp-json\/wp\/v2\/pages\/1119\/revisions"}],"predecessor-version":[{"id":1351,"href":"https:\/\/dispenselogicivorycoast.ci\/fr\/wp-json\/wp\/v2\/pages\/1119\/revisions\/1351"}],"wp:attachment":[{"href":"https:\/\/dispenselogicivorycoast.ci\/fr\/wp-json\/wp\/v2\/media?parent=1119"}],"curies":[{"name":"wp","href":"https:\/\/api.w.org\/{rel}","templated":true}]}}