{"id":1123,"date":"2025-11-21T14:25:05","date_gmt":"2025-11-21T14:25:05","guid":{"rendered":"https:\/\/dispenselogicivorycoast.ci\/?page_id=1123"},"modified":"2026-02-12T09:06:22","modified_gmt":"2026-02-12T09:06:22","slug":"air-conditioning-design-sales-installations-maintenance-repairs","status":"publish","type":"page","link":"https:\/\/dispenselogicivorycoast.ci\/fr\/air-conditioning-design-sales-installations-maintenance-repairs\/","title":{"rendered":"Conception, vente, installation, entretien et r\u00e9paration de syst\u00e8mes de climatisation"},"content":{"rendered":"<div data-elementor-type=\"wp-page\" data-elementor-id=\"1123\" class=\"elementor elementor-1123\">\n\t\t\t\t<div data-particle_enable=\"false\" data-particle-mobile-disabled=\"false\" class=\"elementor-element elementor-element-f2fffb7 e-con-full e-flex e-con e-parent\" data-id=\"f2fffb7\" data-element_type=\"container\" data-e-type=\"container\">\n\t\t<div data-particle_enable=\"false\" data-particle-mobile-disabled=\"false\" class=\"elementor-element elementor-element-0fbb7ed e-con-full e-flex e-con e-child\" data-id=\"0fbb7ed\" data-element_type=\"container\" data-e-type=\"container\">\n\t\t\t\t<div class=\"elementor-element elementor-element-091263e tx-hd-align-left elementor-widget elementor-widget-avas-heading\" data-id=\"091263e\" data-element_type=\"widget\" data-e-type=\"widget\" data-widget_type=\"avas-heading.default\">\n\t\t\t\t<div class=\"elementor-widget-container\">\n\t\t\t\t\t        <div class=\"tx-hd-wrap\">\n\n            <div class=\"tx-hd-wm\"><\/div>\n\n            \n            <div class=\"tx-hd-sub\"><\/div>\n                        <h2 class=\"tx-hd-title\">\n                <span class=\"tx-hd-first-part\">Conception, vente, installation, entretien et r\u00e9paration de syst\u00e8mes de climatisation<\/span>\n                <span class=\"tx-hd-last-part\"><\/span>\n            <\/h2>    \n            \n            <div class=\"tx-hd-desc\"><div class=\"wpb_text_column wpb_content_element vc_custom_1649346681909\"><div class=\"wpb_wrapper\"><p>Dispense Logic est une entreprise de climatisation ind\u00e9pendante et bien \u00e9tablie, de taille moyenne. Nous sommes une entreprise ax\u00e9e sur le client et privil\u00e9gions un service de haute qualit\u00e9 afin de garantir sa pleine satisfaction.<\/p><p>Dispense Logic est sp\u00e9cialis\u00e9e dans la conception, la vente, l'installation, l'entretien et la r\u00e9paration de climatiseurs pour les march\u00e9s r\u00e9sidentiels et commerciaux l\u00e9gers.<\/p><p>L'entreprise est structur\u00e9e de telle sorte que nous pouvons nous targuer d'une gestion op\u00e9rationnelle de tous nos projets, ce qui favorise une communication efficace et une r\u00e9solution de probl\u00e8mes \u00e0 tous les niveaux.<\/p><\/div><\/div><\/div>\n\n\n                   \n        <\/div><!-- tx-hd-wrap -->\n\n\n\n\n\n\n\n\n\t\t\t\t<\/div>\n\t\t\t\t<\/div>\n\t\t\t\t<\/div>\n\t\t<div data-particle_enable=\"false\" data-particle-mobile-disabled=\"false\" class=\"elementor-element elementor-element-9289e12 e-con-full e-flex e-con e-child\" data-id=\"9289e12\" data-element_type=\"container\" data-e-type=\"container\" data-settings=\"{&quot;background_background&quot;:&quot;classic&quot;}\">\n\t\t\t\t<\/div>\n\t\t\t\t<\/div>\n\t\t\t\t<\/div>","protected":false},"excerpt":{"rendered":"<p class=\"tx-excerpt\">Air-Conditioning Design, Sales, Installations, Maintenance &amp; Repairs Dispense Logic is a well-established and independent, medium\u2013sized air conditioning company. We are a customer-centric business, focused on high levels of service quality to ensure complete satisfaction....<\/p>","protected":false},"author":1,"featured_media":0,"parent":0,"menu_order":0,"comment_status":"closed","ping_status":"closed","template":"","meta":{"footnotes":""},"class_list":["post-1123","page","type-page","status-publish","hentry"],"_links":{"self":[{"href":"https:\/\/dispenselogicivorycoast.ci\/fr\/wp-json\/wp\/v2\/pages\/1123","targetHints":{"allow":["GET"]}}],"collection":[{"href":"https:\/\/dispenselogicivorycoast.ci\/fr\/wp-json\/wp\/v2\/pages"}],"about":[{"href":"https:\/\/dispenselogicivorycoast.ci\/fr\/wp-json\/wp\/v2\/types\/page"}],"author":[{"embeddable":true,"href":"https:\/\/dispenselogicivorycoast.ci\/fr\/wp-json\/wp\/v2\/users\/1"}],"replies":[{"embeddable":true,"href":"https:\/\/dispenselogicivorycoast.ci\/fr\/wp-json\/wp\/v2\/comments?post=1123"}],"version-history":[{"count":18,"href":"https:\/\/dispenselogicivorycoast.ci\/fr\/wp-json\/wp\/v2\/pages\/1123\/revisions"}],"predecessor-version":[{"id":1323,"href":"https:\/\/dispenselogicivorycoast.ci\/fr\/wp-json\/wp\/v2\/pages\/1123\/revisions\/1323"}],"wp:attachment":[{"href":"https:\/\/dispenselogicivorycoast.ci\/fr\/wp-json\/wp\/v2\/media?parent=1123"}],"curies":[{"name":"wp","href":"https:\/\/api.w.org\/{rel}","templated":true}]}}