{"id":1127,"date":"2025-11-21T14:26:24","date_gmt":"2025-11-21T14:26:24","guid":{"rendered":"https:\/\/dispenselogicivorycoast.ci\/?page_id=1127"},"modified":"2026-01-16T14:04:31","modified_gmt":"2026-01-16T14:04:31","slug":"equipment-suppliers","status":"publish","type":"page","link":"https:\/\/dispenselogicivorycoast.ci\/fr\/equipment-suppliers\/","title":{"rendered":"Fournisseurs d'\u00e9quipement"},"content":{"rendered":"<div data-elementor-type=\"wp-page\" data-elementor-id=\"1127\" class=\"elementor elementor-1127\">\n\t\t\t\t<div data-particle_enable=\"false\" data-particle-mobile-disabled=\"false\" class=\"elementor-element elementor-element-1591d1b e-con-full e-flex e-con e-parent\" data-id=\"1591d1b\" data-element_type=\"container\" data-e-type=\"container\">\n\t\t<div data-particle_enable=\"false\" data-particle-mobile-disabled=\"false\" class=\"elementor-element elementor-element-60842a5 e-con-full e-flex e-con e-child\" data-id=\"60842a5\" data-element_type=\"container\" data-e-type=\"container\" data-settings=\"{&quot;background_background&quot;:&quot;classic&quot;}\">\n\t\t\t\t<\/div>\n\t\t<div data-particle_enable=\"false\" data-particle-mobile-disabled=\"false\" class=\"elementor-element elementor-element-872a67e e-con-full e-flex e-con e-child\" data-id=\"872a67e\" data-element_type=\"container\" data-e-type=\"container\">\n\t\t\t\t<div class=\"elementor-element elementor-element-2fbf8d9 tx-hd-align-left elementor-widget elementor-widget-avas-heading\" data-id=\"2fbf8d9\" data-element_type=\"widget\" data-e-type=\"widget\" data-widget_type=\"avas-heading.default\">\n\t\t\t\t<div class=\"elementor-widget-container\">\n\t\t\t\t\t        <div class=\"tx-hd-wrap\">\n\n            <div class=\"tx-hd-wm\"><\/div>\n\n            \n            <div class=\"tx-hd-sub\"><\/div>\n                        <h2 class=\"tx-hd-title\">\n                <span class=\"tx-hd-first-part\">Fournisseurs d'\u00e9quipement<\/span>\n                <span class=\"tx-hd-last-part\"><\/span>\n            <\/h2>    \n            \n            <div class=\"tx-hd-desc\"><div class=\"wpb_text_column wpb_content_element vc_custom_1649346681909\"><div class=\"wpb_wrapper\"><p>Dispense Logic dispose d'un stock tr\u00e8s vari\u00e9 d'\u00e9quipements li\u00e9s \u00e0 la bi\u00e8re pression dans toutes ses succursales afin de couvrir la plupart des besoins, par exemple des distributeurs, des Robinet \u00e0 bi\u00e8re, des coupleurs, des tuyaux Python, des r\u00e9gulateurs, des raccords, etc.<\/p><\/div><\/div><\/div>\n\n\n                   \n        <\/div><!-- tx-hd-wrap -->\n\n\n\n\n\n\n\n\n\t\t\t\t<\/div>\n\t\t\t\t<\/div>\n\t\t\t\t<\/div>\n\t\t\t\t<\/div>\n\t\t\t\t<\/div>","protected":false},"excerpt":{"rendered":"<p class=\"tx-excerpt\">Equipment Suppliers Dispense Logic stock holds a wide variety of draught related equipment across all our branches to cover most requirements e.g. dispensers, taps, couplers, python, regulators, fittings etc.<\/p>","protected":false},"author":1,"featured_media":0,"parent":0,"menu_order":0,"comment_status":"closed","ping_status":"closed","template":"","meta":{"footnotes":""},"class_list":["post-1127","page","type-page","status-publish","hentry"],"_links":{"self":[{"href":"https:\/\/dispenselogicivorycoast.ci\/fr\/wp-json\/wp\/v2\/pages\/1127","targetHints":{"allow":["GET"]}}],"collection":[{"href":"https:\/\/dispenselogicivorycoast.ci\/fr\/wp-json\/wp\/v2\/pages"}],"about":[{"href":"https:\/\/dispenselogicivorycoast.ci\/fr\/wp-json\/wp\/v2\/types\/page"}],"author":[{"embeddable":true,"href":"https:\/\/dispenselogicivorycoast.ci\/fr\/wp-json\/wp\/v2\/users\/1"}],"replies":[{"embeddable":true,"href":"https:\/\/dispenselogicivorycoast.ci\/fr\/wp-json\/wp\/v2\/comments?post=1127"}],"version-history":[{"count":12,"href":"https:\/\/dispenselogicivorycoast.ci\/fr\/wp-json\/wp\/v2\/pages\/1127\/revisions"}],"predecessor-version":[{"id":1292,"href":"https:\/\/dispenselogicivorycoast.ci\/fr\/wp-json\/wp\/v2\/pages\/1127\/revisions\/1292"}],"wp:attachment":[{"href":"https:\/\/dispenselogicivorycoast.ci\/fr\/wp-json\/wp\/v2\/media?parent=1127"}],"curies":[{"name":"wp","href":"https:\/\/api.w.org\/{rel}","templated":true}]}}