{"id":1140,"date":"2025-11-21T14:31:38","date_gmt":"2025-11-21T14:31:38","guid":{"rendered":"https:\/\/dispenselogicivorycoast.ci\/?page_id=1140"},"modified":"2026-01-16T14:05:18","modified_gmt":"2026-01-16T14:05:18","slug":"dispense-consultancy-services","status":"publish","type":"page","link":"https:\/\/dispenselogicivorycoast.ci\/fr\/dispense-consultancy-services\/","title":{"rendered":"Services de Conseil en Distribution"},"content":{"rendered":"<div data-elementor-type=\"wp-page\" data-elementor-id=\"1140\" class=\"elementor elementor-1140\">\n\t\t\t\t<div data-particle_enable=\"false\" data-particle-mobile-disabled=\"false\" class=\"elementor-element elementor-element-48b82d2 e-con-full e-flex e-con e-parent\" data-id=\"48b82d2\" data-element_type=\"container\" data-e-type=\"container\">\n\t\t<div data-particle_enable=\"false\" data-particle-mobile-disabled=\"false\" class=\"elementor-element elementor-element-f30b6b5 e-con-full e-flex e-con e-child\" data-id=\"f30b6b5\" data-element_type=\"container\" data-e-type=\"container\">\n\t\t\t\t<div class=\"elementor-element elementor-element-9b4c2c4 tx-hd-align-left elementor-widget elementor-widget-avas-heading\" data-id=\"9b4c2c4\" data-element_type=\"widget\" data-e-type=\"widget\" data-widget_type=\"avas-heading.default\">\n\t\t\t\t<div class=\"elementor-widget-container\">\n\t\t\t\t\t        <div class=\"tx-hd-wrap\">\n\n            <div class=\"tx-hd-wm\"><\/div>\n\n            \n            <div class=\"tx-hd-sub\"><\/div>\n                        <h2 class=\"tx-hd-title\">\n                <span class=\"tx-hd-first-part\">Services de Conseil en Distribution<\/span>\n                <span class=\"tx-hd-last-part\"><\/span>\n            <\/h2>    \n            \n            <div class=\"tx-hd-desc\"><div class=\"wpb_text_column wpb_content_element vc_custom_1649346681909\"><div class=\"wpb_wrapper\"><p>Le secteur de la distribution de m\u00e9dicaments peut \u00eatre complexe et exige des connaissances et une exp\u00e9rience approfondies pour \u00eatre g\u00e9r\u00e9 efficacement et \u00e0 moindre co\u00fbt. Dispense Logic propose des services de conseil aux particuliers, aux entreprises et aux soci\u00e9t\u00e9s pour toutes les questions relatives \u00e0 ce secteur, notamment les op\u00e9rations, les finances, les ressources humaines et la technologie.<\/p><\/div><\/div><\/div>\n\n\n                   \n        <\/div><!-- tx-hd-wrap -->\n\n\n\n\n\n\n\n\n\t\t\t\t<\/div>\n\t\t\t\t<\/div>\n\t\t\t\t<\/div>\n\t\t<div data-particle_enable=\"false\" data-particle-mobile-disabled=\"false\" class=\"elementor-element elementor-element-e537431 e-con-full e-flex e-con e-child\" data-id=\"e537431\" data-element_type=\"container\" data-e-type=\"container\" data-settings=\"{&quot;background_background&quot;:&quot;classic&quot;}\">\n\t\t\t\t<\/div>\n\t\t\t\t<\/div>\n\t\t\t\t<\/div>","protected":false},"excerpt":{"rendered":"<p class=\"tx-excerpt\">Dispense Consultancy Services The dispensing industry can be complex and requires knowledge and experience to run it efficiently and cost effectively. Dispense Logic\u00a0 provides consultancy services to individuals, companies, and corporations in all matters...<\/p>","protected":false},"author":1,"featured_media":0,"parent":0,"menu_order":0,"comment_status":"closed","ping_status":"closed","template":"","meta":{"footnotes":""},"class_list":["post-1140","page","type-page","status-publish","hentry"],"_links":{"self":[{"href":"https:\/\/dispenselogicivorycoast.ci\/fr\/wp-json\/wp\/v2\/pages\/1140","targetHints":{"allow":["GET"]}}],"collection":[{"href":"https:\/\/dispenselogicivorycoast.ci\/fr\/wp-json\/wp\/v2\/pages"}],"about":[{"href":"https:\/\/dispenselogicivorycoast.ci\/fr\/wp-json\/wp\/v2\/types\/page"}],"author":[{"embeddable":true,"href":"https:\/\/dispenselogicivorycoast.ci\/fr\/wp-json\/wp\/v2\/users\/1"}],"replies":[{"embeddable":true,"href":"https:\/\/dispenselogicivorycoast.ci\/fr\/wp-json\/wp\/v2\/comments?post=1140"}],"version-history":[{"count":13,"href":"https:\/\/dispenselogicivorycoast.ci\/fr\/wp-json\/wp\/v2\/pages\/1140\/revisions"}],"predecessor-version":[{"id":1295,"href":"https:\/\/dispenselogicivorycoast.ci\/fr\/wp-json\/wp\/v2\/pages\/1140\/revisions\/1295"}],"wp:attachment":[{"href":"https:\/\/dispenselogicivorycoast.ci\/fr\/wp-json\/wp\/v2\/media?parent=1140"}],"curies":[{"name":"wp","href":"https:\/\/api.w.org\/{rel}","templated":true}]}}