{"id":986,"date":"2025-11-09T19:48:24","date_gmt":"2025-11-09T19:48:24","guid":{"rendered":"https:\/\/dispenselogicivorycoast.ci\/?page_id=986"},"modified":"2026-02-16T13:29:46","modified_gmt":"2026-02-16T13:29:46","slug":"services","status":"publish","type":"page","link":"https:\/\/dispenselogicivorycoast.ci\/fr\/services\/","title":{"rendered":"services"},"content":{"rendered":"<div data-elementor-type=\"wp-page\" data-elementor-id=\"986\" class=\"elementor elementor-986\">\n\t\t\t\t<div data-particle_enable=\"false\" data-particle-mobile-disabled=\"false\" class=\"elementor-element elementor-element-3ecc43b e-con-full e-flex e-con e-parent\" data-id=\"3ecc43b\" data-element_type=\"container\" data-e-type=\"container\">\n\t\t<div data-particle_enable=\"false\" data-particle-mobile-disabled=\"false\" class=\"elementor-element elementor-element-45506bc e-con-full e-flex e-con e-child\" data-id=\"45506bc\" data-element_type=\"container\" data-e-type=\"container\">\n\t\t\t\t<div class=\"elementor-element elementor-element-0ff8041 tx-hd-align-left elementor-widget elementor-widget-avas-heading\" data-id=\"0ff8041\" data-element_type=\"widget\" data-e-type=\"widget\" data-widget_type=\"avas-heading.default\">\n\t\t\t\t<div class=\"elementor-widget-container\">\n\t\t\t\t\t        <div class=\"tx-hd-wrap\">\n\n            <div class=\"tx-hd-wm\"><\/div>\n\n            \n            <div class=\"tx-hd-sub\"><\/div>\n                        <h2 class=\"tx-hd-title\">\n                <span class=\"tx-hd-first-part\">Services de boissons sp\u00e9cialis\u00e9s<\/span>\n                <span class=\"tx-hd-last-part\"><\/span>\n            <\/h2>    \n            \n            <div class=\"tx-hd-desc\"><p>Dispense Logic est un leader de la fourniture de services et d'\u00e9quipements pour les secteurs du caf\u00e9, des boissons soda post-mix et des boissons fra\u00eeches.<\/p><p>Nous offrons une gamme compl\u00e8te de prestations : installation, sanitisation, maintenance, r\u00e9paration, stockage, logistique d'\u00e9quipement, via des rapports d\u00e9taill\u00e9s.<\/p><p>Les \u00e9quipements de bi\u00e8re \u00e0 pression et de boissons n\u00e9cessitent un entretien sp\u00e9cialis\u00e9 et r\u00e9gulier pour garantir la qualit\u00e9 du produit servi et le fonctionnement optimal des installations.<\/p><p>Dispense Logic currently provides these services to major blue-chip clients in Africa.<\/p><\/div>\n\n\n                   \n        <\/div><!-- tx-hd-wrap -->\n\n\n\n\n\n\n\n\n\t\t\t\t<\/div>\n\t\t\t\t<\/div>\n\t\t\t\t<\/div>\n\t\t<div data-particle_enable=\"false\" data-particle-mobile-disabled=\"false\" class=\"elementor-element elementor-element-fc5f3ac e-con-full e-flex e-con e-child\" data-id=\"fc5f3ac\" data-element_type=\"container\" data-e-type=\"container\" data-settings=\"{&quot;background_background&quot;:&quot;classic&quot;}\">\n\t\t\t\t<\/div>\n\t\t\t\t<\/div>\n\t\t<div data-particle_enable=\"false\" data-particle-mobile-disabled=\"false\" class=\"elementor-element elementor-element-67dbf83 e-con-full e-flex e-con e-parent\" data-id=\"67dbf83\" data-element_type=\"container\" data-e-type=\"container\">\n\t\t<div data-particle_enable=\"false\" data-particle-mobile-disabled=\"false\" class=\"elementor-element elementor-element-e30ea36 e-con-full e-flex e-con e-child\" data-id=\"e30ea36\" data-element_type=\"container\" data-e-type=\"container\" data-settings=\"{&quot;background_background&quot;:&quot;classic&quot;}\">\n\t\t\t\t<\/div>\n\t\t<div data-particle_enable=\"false\" data-particle-mobile-disabled=\"false\" class=\"elementor-element elementor-element-2d11c5b e-con-full e-flex e-con e-child\" data-id=\"2d11c5b\" data-element_type=\"container\" data-e-type=\"container\">\n\t\t\t\t<div class=\"elementor-element elementor-element-7896326 tx-hd-align-left elementor-widget elementor-widget-avas-heading\" data-id=\"7896326\" data-element_type=\"widget\" data-e-type=\"widget\" data-widget_type=\"avas-heading.default\">\n\t\t\t\t<div class=\"elementor-widget-container\">\n\t\t\t\t\t        <div class=\"tx-hd-wrap\">\n\n            <div class=\"tx-hd-wm\"><\/div>\n\n            \n            <div class=\"tx-hd-sub\"><\/div>\n                        <h2 class=\"tx-hd-title\">\n                <span class=\"tx-hd-first-part\">R\u00e9frig\u00e9ration<\/span>\n                <span class=\"tx-hd-last-part\"><\/span>\n            <\/h2>    \n            \n            <div class=\"tx-hd-desc\"><div class=\"wpb_text_column wpb_content_element vc_custom_1649346681909\"><div class=\"wpb_wrapper\"><p>Dispense Logic poss\u00e8de de nombreuses ann\u00e9es d'exp\u00e9rience dans la gestion et la maintenance des actifs frigorifique pour le compte de ses clients.\nCette expertise s'\u00e9tend des chambres froides de grande capacit\u00e9 aux syst\u00e8mes de bi\u00e8re \u00e0 pression, refroidisseurs de boissons et les refroidisseurs d\u2019eau.\nNos services dans le domaine de la r\u00e9frig\u00e9ration couvrent l'int\u00e9gralit\u00e9 des prestations suivantes \u00e0 travers toute l\u2019Afrique :<\/p><\/div><\/div><div id=\"fws_691092736edbe\" class=\"wpb_row vc_row-fluid vc_row inner_row\" data-midnight=\"\" data-column-margin=\"default\"><div class=\"row-bg-wrap\"><div class=\"row-bg\">\u00a0<\/div><\/div><div class=\"row_col_wrap_12_inner col span_12 left\"><div class=\"vc_col-sm-6 wpb_column column_container vc_column_container col child_column no-extra-padding bottom_margin_tablet_30px inherit_tablet inherit_phone\" data-t-w-inherits=\"small_desktop\" data-padding-pos=\"all\" data-has-bg-color=\"false\" data-bg-color=\"\" data-bg-opacity=\"1\" data-animation=\"\" data-delay=\"0\"><div class=\"vc_column-inner\"><div class=\"wpb_wrapper\"><div class=\"wpb_text_column wpb_content_element\"><div class=\"wpb_wrapper\"><ul><li>R\u00e9parations et entretien<img fetchpriority=\"high\" decoding=\"async\" class=\"size-medium wp-image-991 alignnone\" src=\"https:\/\/dispenselogicivorycoast.ci\/wp-content\/uploads\/2025\/11\/cold-room-300x222.webp\" alt=\"\" width=\"300\" height=\"222\" srcset=\"https:\/\/dispenselogicivorycoast.ci\/wp-content\/uploads\/2025\/11\/cold-room-300x222.webp 300w, https:\/\/dispenselogicivorycoast.ci\/wp-content\/uploads\/2025\/11\/cold-room-768x567.webp 768w, https:\/\/dispenselogicivorycoast.ci\/wp-content\/uploads\/2025\/11\/cold-room-100x75.webp 100w, https:\/\/dispenselogicivorycoast.ci\/wp-content\/uploads\/2025\/11\/cold-room-360x266.webp 360w, https:\/\/dispenselogicivorycoast.ci\/wp-content\/uploads\/2025\/11\/cold-room-373x276.webp 373w, https:\/\/dispenselogicivorycoast.ci\/wp-content\/uploads\/2025\/11\/cold-room-620x458.webp 620w, https:\/\/dispenselogicivorycoast.ci\/wp-content\/uploads\/2025\/11\/cold-room-460x340.webp 460w, https:\/\/dispenselogicivorycoast.ci\/wp-content\/uploads\/2025\/11\/cold-room-365x270.webp 365w, https:\/\/dispenselogicivorycoast.ci\/wp-content\/uploads\/2025\/11\/cold-room.webp 800w\" sizes=\"(max-width: 300px) 100vw, 300px\" \/><\/li><li>Pi\u00e8ces de rechange<\/li><li>Logistique de livraison et d'enl\u00e8vement<\/li><li>Entreposage des actifs<\/li><li>rapports de gestion des actifs<\/li><li>conseils techniques<\/li><li>programmes de maintenance pr\u00e9ventive<\/li><li>Projets sp\u00e9ciaux, par exemple, v\u00e9rifications d'actifs dans le cadre d'\u00e9changes commerciaux<\/li><\/ul><\/div><\/div><\/div><\/div><\/div><\/div><\/div><\/div>\n\n\n                   \n        <\/div><!-- tx-hd-wrap -->\n\n\n\n\n\n\n\n\n\t\t\t\t<\/div>\n\t\t\t\t<\/div>\n\t\t\t\t<\/div>\n\t\t\t\t<\/div>\n\t\t<div data-particle_enable=\"false\" data-particle-mobile-disabled=\"false\" class=\"elementor-element elementor-element-2bda5c8 e-con-full e-flex e-con e-parent\" data-id=\"2bda5c8\" data-element_type=\"container\" data-e-type=\"container\">\n\t\t<div data-particle_enable=\"false\" data-particle-mobile-disabled=\"false\" class=\"elementor-element elementor-element-01c93f8 e-con-full e-flex e-con e-child\" data-id=\"01c93f8\" data-element_type=\"container\" data-e-type=\"container\">\n\t\t\t\t<div class=\"elementor-element elementor-element-6bceb50 tx-hd-align-left elementor-widget elementor-widget-avas-heading\" data-id=\"6bceb50\" data-element_type=\"widget\" data-e-type=\"widget\" data-widget_type=\"avas-heading.default\">\n\t\t\t\t<div class=\"elementor-widget-container\">\n\t\t\t\t\t        <div class=\"tx-hd-wrap\">\n\n            <div class=\"tx-hd-wm\"><\/div>\n\n            \n            <div class=\"tx-hd-sub\"><\/div>\n                        <h2 class=\"tx-hd-title\">\n                <span class=\"tx-hd-first-part\">Conception, vente, installation, entretien et r\u00e9paration de syst\u00e8mes de climatisation<\/span>\n                <span class=\"tx-hd-last-part\"><\/span>\n            <\/h2>    \n            \n            <div class=\"tx-hd-desc\"><div class=\"wpb_text_column wpb_content_element vc_custom_1649346681909\"><div class=\"wpb_wrapper\"><p>Dispense Logic est une entreprise de climatisation ind\u00e9pendante et bien \u00e9tablie, de taille moyenne. Nous sommes une entreprise ax\u00e9e sur le client et privil\u00e9gions un service de haute qualit\u00e9 afin de garantir sa pleine satisfaction.<\/p><p>Dispense Logic est sp\u00e9cialis\u00e9e dans la conception, la vente, l'installation, l'entretien et la r\u00e9paration de climatiseurs pour les march\u00e9s r\u00e9sidentiels et commerciaux l\u00e9gers.<\/p><p>L'entreprise est structur\u00e9e de telle sorte que nous pouvons nous targuer d'une gestion op\u00e9rationnelle de tous nos projets, ce qui favorise une communication efficace et une r\u00e9solution de probl\u00e8mes \u00e0 tous les niveaux.<\/p><\/div><\/div><\/div>\n\n\n                   \n        <\/div><!-- tx-hd-wrap -->\n\n\n\n\n\n\n\n\n\t\t\t\t<\/div>\n\t\t\t\t<\/div>\n\t\t\t\t<\/div>\n\t\t<div data-particle_enable=\"false\" data-particle-mobile-disabled=\"false\" class=\"elementor-element elementor-element-e8b0dcc e-con-full e-flex e-con e-child\" data-id=\"e8b0dcc\" data-element_type=\"container\" data-e-type=\"container\" data-settings=\"{&quot;background_background&quot;:&quot;classic&quot;}\">\n\t\t\t\t<\/div>\n\t\t\t\t<\/div>\n\t\t<div data-particle_enable=\"false\" data-particle-mobile-disabled=\"false\" class=\"elementor-element elementor-element-f2f8c7d e-con-full e-flex e-con e-parent\" data-id=\"f2f8c7d\" data-element_type=\"container\" data-e-type=\"container\">\n\t\t<div data-particle_enable=\"false\" data-particle-mobile-disabled=\"false\" class=\"elementor-element elementor-element-0f6463a e-con-full e-flex e-con e-child\" data-id=\"0f6463a\" data-element_type=\"container\" data-e-type=\"container\" data-settings=\"{&quot;background_background&quot;:&quot;classic&quot;}\">\n\t\t\t\t<\/div>\n\t\t<div data-particle_enable=\"false\" data-particle-mobile-disabled=\"false\" class=\"elementor-element elementor-element-a1e8467 e-con-full e-flex e-con e-child\" data-id=\"a1e8467\" data-element_type=\"container\" data-e-type=\"container\">\n\t\t\t\t<div class=\"elementor-element elementor-element-7f27885 tx-hd-align-left elementor-widget elementor-widget-avas-heading\" data-id=\"7f27885\" data-element_type=\"widget\" data-e-type=\"widget\" data-widget_type=\"avas-heading.default\">\n\t\t\t\t<div class=\"elementor-widget-container\">\n\t\t\t\t\t        <div class=\"tx-hd-wrap\">\n\n            <div class=\"tx-hd-wm\"><\/div>\n\n            \n            <div class=\"tx-hd-sub\"><\/div>\n                        <h2 class=\"tx-hd-title\">\n                <span class=\"tx-hd-first-part\">Fournisseurs d'\u00e9quipement<\/span>\n                <span class=\"tx-hd-last-part\"><\/span>\n            <\/h2>    \n            \n            <div class=\"tx-hd-desc\"><div class=\"wpb_text_column wpb_content_element vc_custom_1649346681909\"><div class=\"wpb_wrapper\"><p>Dispense Logic dispose d'un stock tr\u00e8s vari\u00e9 d'\u00e9quipements li\u00e9s \u00e0 la bi\u00e8re pression dans toutes ses succursales afin de couvrir la plupart des besoins, par exemple des distributeurs, des Robinet \u00e0 bi\u00e8re, des coupleurs, des tuyaux Python, des r\u00e9gulateurs, des raccords, etc.<\/p><\/div><\/div><\/div>\n\n\n                   \n        <\/div><!-- tx-hd-wrap -->\n\n\n\n\n\n\n\n\n\t\t\t\t<\/div>\n\t\t\t\t<\/div>\n\t\t\t\t<\/div>\n\t\t\t\t<\/div>\n\t\t<div data-particle_enable=\"false\" data-particle-mobile-disabled=\"false\" class=\"elementor-element elementor-element-d88cc10 e-con-full e-flex e-con e-parent\" data-id=\"d88cc10\" data-element_type=\"container\" data-e-type=\"container\">\n\t\t<div data-particle_enable=\"false\" data-particle-mobile-disabled=\"false\" class=\"elementor-element elementor-element-388c1d7 e-con-full e-flex e-con e-child\" data-id=\"388c1d7\" data-element_type=\"container\" data-e-type=\"container\">\n\t\t\t\t<div class=\"elementor-element elementor-element-14b89d1 tx-hd-align-left elementor-widget elementor-widget-avas-heading\" data-id=\"14b89d1\" data-element_type=\"widget\" data-e-type=\"widget\" data-widget_type=\"avas-heading.default\">\n\t\t\t\t<div class=\"elementor-widget-container\">\n\t\t\t\t\t        <div class=\"tx-hd-wrap\">\n\n            <div class=\"tx-hd-wm\"><\/div>\n\n            \n            <div class=\"tx-hd-sub\"><\/div>\n                        <h2 class=\"tx-hd-title\">\n                <span class=\"tx-hd-first-part\">Services de Conseil en Distribution<\/span>\n                <span class=\"tx-hd-last-part\"><\/span>\n            <\/h2>    \n            \n            <div class=\"tx-hd-desc\"><div class=\"wpb_text_column wpb_content_element vc_custom_1649346681909\"><div class=\"wpb_wrapper\"><p>Le secteur de la distribution de boissons est complexe et requiert un savoir-faire ainsi qu'une exp\u00e9rience solide pour \u00eatre g\u00e9r\u00e9 de mani\u00e8re efficiente et rentable.\nDispense Logic propose des services de conseil aux particuliers, aux entreprises et aux grands groupes sur toutes les questions relatives \u00e0 l'industrie du d\u00e9bit de boissons, notamment sur les aspects op\u00e9rationnels, financiers, technologiques et de ressources humaines.<\/p><\/div><\/div><\/div>\n\n\n                   \n        <\/div><!-- tx-hd-wrap -->\n\n\n\n\n\n\n\n\n\t\t\t\t<\/div>\n\t\t\t\t<\/div>\n\t\t\t\t<\/div>\n\t\t<div data-particle_enable=\"false\" data-particle-mobile-disabled=\"false\" class=\"elementor-element elementor-element-a07bf19 e-con-full e-flex e-con e-child\" data-id=\"a07bf19\" data-element_type=\"container\" data-e-type=\"container\" data-settings=\"{&quot;background_background&quot;:&quot;classic&quot;}\">\n\t\t\t\t<\/div>\n\t\t\t\t<\/div>\n\t\t<div data-particle_enable=\"false\" data-particle-mobile-disabled=\"false\" class=\"elementor-element elementor-element-9f40ddf e-con-full e-flex e-con e-parent\" data-id=\"9f40ddf\" data-element_type=\"container\" data-e-type=\"container\">\n\t\t<div data-particle_enable=\"false\" data-particle-mobile-disabled=\"false\" class=\"elementor-element elementor-element-615d2bb e-con-full e-flex e-con e-child\" data-id=\"615d2bb\" data-element_type=\"container\" data-e-type=\"container\" data-settings=\"{&quot;background_background&quot;:&quot;classic&quot;}\">\n\t\t\t\t<\/div>\n\t\t<div data-particle_enable=\"false\" data-particle-mobile-disabled=\"false\" class=\"elementor-element elementor-element-173b8e9 e-con-full e-flex e-con e-child\" data-id=\"173b8e9\" data-element_type=\"container\" data-e-type=\"container\">\n\t\t\t\t<div class=\"elementor-element elementor-element-ac90ae4 tx-hd-align-left elementor-widget elementor-widget-avas-heading\" data-id=\"ac90ae4\" data-element_type=\"widget\" data-e-type=\"widget\" data-widget_type=\"avas-heading.default\">\n\t\t\t\t<div class=\"elementor-widget-container\">\n\t\t\t\t\t        <div class=\"tx-hd-wrap\">\n\n            <div class=\"tx-hd-wm\"><\/div>\n\n            \n            <div class=\"tx-hd-sub\"><\/div>\n                        <h2 class=\"tx-hd-title\">\n                <span class=\"tx-hd-first-part\">Mod\u00e8les de cr\u00e9dit-bail financier<\/span>\n                <span class=\"tx-hd-last-part\"><\/span>\n            <\/h2>    \n            \n            <div class=\"tx-hd-desc\"><div class=\"wpb_text_column wpb_content_element vc_custom_1649346681909\"><div class=\"wpb_wrapper\"><p>Dispense Logic est id\u00e9alement plac\u00e9e pour proposer \u00e0 ses clients une formule de location leur permettant d'acqu\u00e9rir l'usage de leurs actifs mensuellement, selon diff\u00e9rentes dur\u00e9es contractuelles.\n Cette solution leur permet d'optimiser l'utilisation de leurs fonds propres.\n De plus, une option de maintenance compl\u00e8te peut \u00eatre int\u00e9gr\u00e9e au contrat, garantissant ainsi une s\u00e9r\u00e9nit\u00e9 totale quant au bon fonctionnement des actifs lors des op\u00e9rations commerciales.<\/p><\/div><\/div><\/div>\n\n\n                   \n        <\/div><!-- tx-hd-wrap -->\n\n\n\n\n\n\n\n\n\t\t\t\t<\/div>\n\t\t\t\t<\/div>\n\t\t\t\t<\/div>\n\t\t\t\t<\/div>\n\t\t<div data-particle_enable=\"false\" data-particle-mobile-disabled=\"false\" class=\"elementor-element elementor-element-cc7f521 e-con-full e-flex e-con e-parent\" data-id=\"cc7f521\" data-element_type=\"container\" data-e-type=\"container\">\n\t\t<div data-particle_enable=\"false\" data-particle-mobile-disabled=\"false\" class=\"elementor-element elementor-element-602c26a e-con-full e-flex e-con e-child\" data-id=\"602c26a\" data-element_type=\"container\" data-e-type=\"container\">\n\t\t\t\t<div class=\"elementor-element elementor-element-5c0e7b8 tx-hd-align-left elementor-widget elementor-widget-avas-heading\" data-id=\"5c0e7b8\" data-element_type=\"widget\" data-e-type=\"widget\" data-widget_type=\"avas-heading.default\">\n\t\t\t\t<div class=\"elementor-widget-container\">\n\t\t\t\t\t        <div class=\"tx-hd-wrap\">\n\n            <div class=\"tx-hd-wm\"><\/div>\n\n            \n            <div class=\"tx-hd-sub\"><\/div>\n                        <h2 class=\"tx-hd-title\">\n                <span class=\"tx-hd-first-part\">Suivi et gestion des actifs<\/span>\n                <span class=\"tx-hd-last-part\"><\/span>\n            <\/h2>    \n            \n            <div class=\"tx-hd-desc\"><div class=\"wpb_text_column wpb_content_element vc_custom_1649346681909\"><div class=\"wpb_wrapper\"><p>Dispense Logic propose des solutions intelligentes pour la gestion des actifs de ses clients, permettant le suivi de leur localisation et d'autres donn\u00e9es telles que la temp\u00e9rature et la consommation d'\u00e9nergie. Contactez-nous pour une solution sur mesure r\u00e9pondant \u00e0 vos besoins de suivi et de surveillance de vos \u00e9quipements.<\/p><\/div><\/div><\/div>\n\n\n                   \n        <\/div><!-- tx-hd-wrap -->\n\n\n\n\n\n\n\n\n\t\t\t\t<\/div>\n\t\t\t\t<\/div>\n\t\t\t\t<\/div>\n\t\t<div data-particle_enable=\"false\" data-particle-mobile-disabled=\"false\" class=\"elementor-element elementor-element-fe3bb6c e-con-full e-flex e-con e-child\" data-id=\"fe3bb6c\" data-element_type=\"container\" data-e-type=\"container\" data-settings=\"{&quot;background_background&quot;:&quot;classic&quot;}\">\n\t\t\t\t<\/div>\n\t\t\t\t<\/div>\n\t\t<div data-particle_enable=\"false\" data-particle-mobile-disabled=\"false\" class=\"elementor-element elementor-element-09384fc e-con-full e-flex e-con e-parent\" data-id=\"09384fc\" data-element_type=\"container\" data-e-type=\"container\" data-settings=\"{&quot;background_background&quot;:&quot;classic&quot;}\">\n\t\t\t\t<div class=\"elementor-element elementor-element-50a5025 elementor-widget elementor-widget-avas-button\" data-id=\"50a5025\" data-element_type=\"widget\" data-e-type=\"widget\" data-widget_type=\"avas-button.default\">\n\t\t\t\t<div class=\"elementor-widget-container\">\n\t\t\t\t\t\n        <div class=\"tx-btn-wrap style-1\">\n            \n           <a data-hover=\"\" href=\"#\" class=\"tx-btn-link\" target=\"_self\" >\n\n            \n            Contactez-nous\n            \n                            <span class=\"line-1\"><\/span>\n                <span class=\"line-2\"><\/span>\n                <span class=\"line-3\"><\/span>\n                <span class=\"line-4\"><\/span>\n            \n           <\/a>\n          \n        <\/div><!-- tx-btn-wrap -->\n        \n        \n\t\t\t\t<\/div>\n\t\t\t\t<\/div>\n\t\t\t\t<\/div>\n\t\t\t\t<\/div>","protected":false},"excerpt":{"rendered":"<p class=\"tx-excerpt\">Specialist Beverage Services Dispense Logic is a leading supplier of services and equipment to clients in the\u00a0 coffee, fountain, and cold beverage arena. Dispense Logic offers installation, sanitation, maintenance service, repairs, storage and logistics...<\/p>","protected":false},"author":1,"featured_media":0,"parent":0,"menu_order":0,"comment_status":"closed","ping_status":"closed","template":"","meta":{"footnotes":""},"class_list":["post-986","page","type-page","status-publish","hentry"],"_links":{"self":[{"href":"https:\/\/dispenselogicivorycoast.ci\/fr\/wp-json\/wp\/v2\/pages\/986","targetHints":{"allow":["GET"]}}],"collection":[{"href":"https:\/\/dispenselogicivorycoast.ci\/fr\/wp-json\/wp\/v2\/pages"}],"about":[{"href":"https:\/\/dispenselogicivorycoast.ci\/fr\/wp-json\/wp\/v2\/types\/page"}],"author":[{"embeddable":true,"href":"https:\/\/dispenselogicivorycoast.ci\/fr\/wp-json\/wp\/v2\/users\/1"}],"replies":[{"embeddable":true,"href":"https:\/\/dispenselogicivorycoast.ci\/fr\/wp-json\/wp\/v2\/comments?post=986"}],"version-history":[{"count":44,"href":"https:\/\/dispenselogicivorycoast.ci\/fr\/wp-json\/wp\/v2\/pages\/986\/revisions"}],"predecessor-version":[{"id":1347,"href":"https:\/\/dispenselogicivorycoast.ci\/fr\/wp-json\/wp\/v2\/pages\/986\/revisions\/1347"}],"wp:attachment":[{"href":"https:\/\/dispenselogicivorycoast.ci\/fr\/wp-json\/wp\/v2\/media?parent=986"}],"curies":[{"name":"wp","href":"https:\/\/api.w.org\/{rel}","templated":true}]}}